{"id":1431,"date":"2015-03-03T10:40:28","date_gmt":"2015-03-03T15:40:28","guid":{"rendered":"https:\/\/immigrationvisa247.com\/index.php\/resultados-de-los-casos\/"},"modified":"2026-04-26T09:30:16","modified_gmt":"2026-04-26T14:30:16","slug":"residencia-permanente-panama","status":"publish","type":"page","link":"https:\/\/immigrationvisa247.com\/es\/residencia-permanente-panama\/","title":{"rendered":"\u00c1reas de Pr\u00e1ctica Abogados de Inmigraci\u00f3n y Visa 247 Panam\u00e1"},"content":{"rendered":"\n\n\t<nav  aria-label=\"migas de pan\">Servicios de Migraci\u00f3n a Panam\u00e1<ol class=\"breadcrumb\"><li class=\"breadcrumb-item active\" aria-current=\"page\"><span>Hogar<\/span><\/li><\/ol><\/nav>\n\t<h1 data-start=\"321\" data-end=\"386\"><strong data-start=\"323\" data-end=\"386\"> Practice Areas \u2013 Immigrationvisa247 Attorneys in Panama<\/strong><\/h1>\n<h2 data-start=\"388\" data-end=\"475\"><strong data-start=\"391\" data-end=\"475\">Your Trusted Panama Immigration Lawyers for Residency, Visas, and Legal Services<\/strong><\/h2>\nImmigrationvisa247 offers a full range of <strong data-start=\"519\" data-end=\"553\">immigration services in Panama<\/strong>, providing expert legal guidance for individuals, families, and investors relocating to the country. Our experienced <strong data-start=\"671\" data-end=\"701\">Panama immigration lawyers<\/strong> ensure a smooth, secure, and efficient process for all residency, visa, and legal requirements.\n<hr data-start=\"799\" data-end=\"802\" \/>\n<h1 data-start=\"804\" data-end=\"837\"><strong data-start=\"806\" data-end=\"837\">Our Main Practice Areas<\/strong><\/h1>\n<h2 data-start=\"839\" data-end=\"885\"><strong data-start=\"842\" data-end=\"883\">Residency and Visa Services in Panama<\/strong><\/h2>\nOur law firm specializes in helping clients obtain legal residency through Panama&#8217;s most recognized and accessible immigration programs, including:\n<ul data-start=\"1036\" data-end=\"1241\">\n<li data-start=\"1036\" data-end=\"1065\">\n<strong data-start=\"1038\" data-end=\"1063\">Friendly Nations Visa<\/strong>\n<\/li>\n<li data-start=\"1066\" data-end=\"1102\">\n<strong data-start=\"1068\" data-end=\"1100\">Pensionado (Retirement) Visa<\/strong>\n<\/li>\n<li data-start=\"1103\" data-end=\"1134\">\n<strong data-start=\"1105\" data-end=\"1132\">Qualified Investor Visa<\/strong>\n<\/li>\n<li data-start=\"1135\" data-end=\"1168\">\n<strong data-start=\"1137\" data-end=\"1166\">Real Estate Investor Visa<\/strong>\n<\/li>\n<li data-start=\"1169\" data-end=\"1204\">\n<strong data-start=\"1171\" data-end=\"1202\">Reforestation Investor Visa<\/strong>\n<\/li>\n<li data-start=\"1205\" data-end=\"1241\">\n<strong data-start=\"1207\" data-end=\"1239\">Professional Employment Visa<\/strong>\n<\/li>\n<\/ul>\nWe manage document preparation, government filings, and full legal representation to ensure fast and compliant results.\n<hr data-start=\"1364\" data-end=\"1367\" \/>\n<h2 data-start=\"1369\" data-end=\"1419\"><strong data-start=\"1372\" data-end=\"1417\">Naturalization and Panamanian Citizenship<\/strong><\/h2>\nOur attorneys guide you through the entire process to obtain <strong data-start=\"1481\" data-end=\"1507\">Panamanian nationality<\/strong>, including eligibility evaluation, document legalization, and follow-up with government institutions.\n<hr data-start=\"1611\" data-end=\"1614\" \/>\n<h2 data-start=\"1616\" data-end=\"1668\"><strong data-start=\"1619\" data-end=\"1666\">Work Permits and Labor Immigration Services<\/strong><\/h2>\nWe assist companies and foreign employees with:\n<ul data-start=\"1719\" data-end=\"1820\">\n<li data-start=\"1719\" data-end=\"1735\">\nWork permits\n<\/li>\n<li data-start=\"1736\" data-end=\"1756\">\nLabor compliance\n<\/li>\n<li data-start=\"1757\" data-end=\"1778\">\nCorporate filings\n<\/li>\n<li data-start=\"1779\" data-end=\"1820\">\nLegal onboarding for expatriate staff\n<\/li>\n<\/ul>\nOur goal is to help businesses stay compliant while hiring international talent.\n<hr data-start=\"1904\" data-end=\"1907\" \/>\n<h2 data-start=\"1909\" data-end=\"1963\"><strong data-start=\"1912\" data-end=\"1961\">Corporate, Business, and Investor Immigration<\/strong><\/h2>\nFor entrepreneurs and investors entering the Panamanian market, we provide:\n<ul data-start=\"2042\" data-end=\"2170\">\n<li data-start=\"2042\" data-end=\"2063\">\nCompany formation\n<\/li>\n<li data-start=\"2064\" data-end=\"2090\">\nCorporate registration\n<\/li>\n<li data-start=\"2091\" data-end=\"2141\">\nVisas based on investment or business activity\n<\/li>\n<li data-start=\"2142\" data-end=\"2170\">\nOngoing legal compliance\n<\/li>\n<\/ul>\nThis service is ideal for international startups, multinational companies, and investors seeking long-term residency in Panama.\n<hr data-start=\"2301\" data-end=\"2304\" \/>\n<h2 data-start=\"2306\" data-end=\"2341\"><strong data-start=\"2309\" data-end=\"2339\">Real Estate Legal Services<\/strong><\/h2>\nOur <strong data-start=\"2346\" data-end=\"2376\">Panama real estate lawyers<\/strong> offer full protection for property buyers through:\n<ul data-start=\"2430\" data-end=\"2548\">\n<li data-start=\"2430\" data-end=\"2448\">\nTitle searches\n<\/li>\n<li data-start=\"2449\" data-end=\"2466\">\nDue diligence\n<\/li>\n<li data-start=\"2467\" data-end=\"2488\">\nContract drafting\n<\/li>\n<li data-start=\"2489\" data-end=\"2510\">\nEscrow assistance\n<\/li>\n<li data-start=\"2511\" data-end=\"2548\">\nClosing and property registration\n<\/li>\n<\/ul>\nWe ensure safe, transparent, and legally secure real estate transactions across the entire country.\n<hr data-start=\"2651\" data-end=\"2654\" \/>\n<h2 data-start=\"2656\" data-end=\"2711\"><strong data-start=\"2659\" data-end=\"2709\">Apostille, Legalization, and Document Services<\/strong><\/h2>\nWe handle all document requirements needed for immigration processes, including:\n<ul data-start=\"2795\" data-end=\"2886\">\n<li data-start=\"2795\" data-end=\"2809\">\nApostilles\n<\/li>\n<li data-start=\"2810\" data-end=\"2827\">\nLegalizations\n<\/li>\n<li data-start=\"2828\" data-end=\"2854\">\nCertified translations\n<\/li>\n<li data-start=\"2855\" data-end=\"2886\">\nPower of attorney documents\n<\/li>\n<\/ul>\n<hr data-start=\"2888\" data-end=\"2891\" \/>\n<h2 data-start=\"2893\" data-end=\"2952\"><strong data-start=\"2896\" data-end=\"2950\">Banking and Financial Assistance for New Residents<\/strong><\/h2>\nWe help clients navigate Panama&#8217;s banking system, including:\n<ul data-start=\"3016\" data-end=\"3115\">\n<li data-start=\"3016\" data-end=\"3040\">\nBank account opening\n<\/li>\n<li data-start=\"3041\" data-end=\"3071\">\nDue diligence requirements\n<\/li>\n<li data-start=\"3072\" data-end=\"3115\">\nSupport for investors and new residents\n<\/li>\n<\/ul>\n<hr data-start=\"3117\" data-end=\"3120\" \/>\n<h1 data-start=\"3122\" data-end=\"3182\"><strong data-start=\"3124\" data-end=\"3182\">Why Choose Immigrationvisa247 Attorneys in Panama?<\/strong><\/h1>\nWith deep experience in Panama&#8217;s immigration system, we provide:\n<ul data-start=\"3251\" data-end=\"3436\">\n<li data-start=\"3251\" data-end=\"3274\">\nExpert legal advice\n<\/li>\n<li data-start=\"3275\" data-end=\"3300\">\nTransparent processes\n<\/li>\n<li data-start=\"3301\" data-end=\"3330\">\nFast and reliable results\n<\/li>\n<li data-start=\"3331\" data-end=\"3373\">\nPersonalized attention for each client\n<\/li>\n<li data-start=\"3374\" data-end=\"3436\">\nNationwide support for all immigration and residency needs\n<\/li>\n<\/ul>\nOur mission is to help you <strong data-start=\"3465\" data-end=\"3523\">start your new life, investment, or business in Panama<\/strong> with confidence and peace of mind.\n\n","protected":false},"excerpt":{"rendered":"<div class=\"entry-summary\">\n<div class=\"entry-summary\">\n\u00c1reas de pr\u00e1ctica\n<\/div>\n<div class=\"link-more\"><a href=\"https:\/\/immigrationvisa247.com\/es\/residencia-permanente-panama\/\" class=\"more-link\">Continuar leyendo<span class=\"screen-reader-text\"> &ldquo;\u00c1reas de Pr\u00e1ctica Abogados de Inmigraci\u00f3n y Visa 247 Panam\u00e1&rdquo;<\/span>\u2026<\/a><\/div>\n<\/div>\n<div class=\"link-more\"><a href=\"https:\/\/immigrationvisa247.com\/es\/residencia-permanente-panama\/\" class=\"more-link\">Continuar leyendo<span class=\"screen-reader-text\"> &ldquo;\u00c1reas de Pr\u00e1ctica Abogados de Inmigraci\u00f3n y Visa 247 Panam\u00e1&rdquo;<\/span>\u2026<\/a><\/div>\n","protected":false},"author":1,"featured_media":0,"parent":0,"menu_order":0,"comment_status":"closed","ping_status":"closed","template":"templates\/intro-widgets.php","meta":{"_seopress_robots_primary_cat":"","_seopress_titles_title":"Expertos en visas de migraci\u00f3n y residencia en Panam\u00e1","_seopress_titles_desc":"Visa Paises Amigos , Visa de Jubilado, Visa de Inversionista, Permiso de Trabajo o Residencia Permanente, nuestra misi\u00f3n es hacer que su transici\u00f3n a Panam\u00e1 sea sencilla, segura y sin estr\u00e9s.","_seopress_robots_index":"","footnotes":""},"class_list":["post-1431","page","type-page","status-publish","hentry","entry"],"_links":{"self":[{"href":"https:\/\/immigrationvisa247.com\/es\/wp-json\/wp\/v2\/pages\/1431","targetHints":{"allow":["GET"]}}],"collection":[{"href":"https:\/\/immigrationvisa247.com\/es\/wp-json\/wp\/v2\/pages"}],"about":[{"href":"https:\/\/immigrationvisa247.com\/es\/wp-json\/wp\/v2\/types\/page"}],"author":[{"embeddable":true,"href":"https:\/\/immigrationvisa247.com\/es\/wp-json\/wp\/v2\/users\/1"}],"replies":[{"embeddable":true,"href":"https:\/\/immigrationvisa247.com\/es\/wp-json\/wp\/v2\/comments?post=1431"}],"version-history":[{"count":0,"href":"https:\/\/immigrationvisa247.com\/es\/wp-json\/wp\/v2\/pages\/1431\/revisions"}],"wp:attachment":[{"href":"https:\/\/immigrationvisa247.com\/es\/wp-json\/wp\/v2\/media?parent=1431"}],"curies":[{"name":"wp","href":"https:\/\/api.w.org\/{rel}","templated":true}]}}