{"id":76910,"date":"2025-10-19T07:53:41","date_gmt":"2025-10-19T12:53:41","guid":{"rendered":"https:\/\/immigrationvisa247.com\/expat-legal-panama-servicios-de-inmigracion-espanol\/"},"modified":"2026-03-04T09:58:09","modified_gmt":"2026-03-04T14:58:09","slug":"expat-legal-panama-servicios-de-inmigracion-espanol","status":"publish","type":"page","link":"https:\/\/immigrationvisa247.com\/es\/expat-legal-panama-servicios-de-inmigracion-espanol\/","title":{"rendered":"Panam\u00e1-Servicios de Migraci\u00f3n-"},"content":{"rendered":"\n\n\n<p><\/p>\n","protected":false},"excerpt":{"rendered":"<div class=\"entry-summary\">\n<div class=\"entry-summary\">\nTipos de residencia\/permiso: El objetivo principal es asegurar un estatus legal a largo plazo, siendo opciones como la Visa de Naciones Amigas o el programa de Inversionista Calificado las m\u00e1s comunes, requiriendo ayuda legal especializada.<br \/>\n Permiso de Trabajo: A diferencia de la residencia, se requiere un tr\u00e1mite separado y obligatorio a trav\u00e9s del Ministerio de Trabajo para trabajar legalmente.<\/p>\n<\/div>\n<div class=\"link-more\"><a href=\"https:\/\/immigrationvisa247.com\/es\/expat-legal-panama-servicios-de-inmigracion-espanol\/\" class=\"more-link\">Continuar leyendo<span class=\"screen-reader-text\"> &ldquo;Panam\u00e1-Servicios de Migraci\u00f3n-&rdquo;<\/span>\u2026<\/a><\/div>\n<\/div>\n<div class=\"link-more\"><a href=\"https:\/\/immigrationvisa247.com\/es\/expat-legal-panama-servicios-de-inmigracion-espanol\/\" class=\"more-link\">Continuar leyendo<span class=\"screen-reader-text\"> &ldquo;Panam\u00e1-Servicios de Migraci\u00f3n-&rdquo;<\/span>\u2026<\/a><\/div>\n","protected":false},"author":1,"featured_media":0,"parent":0,"menu_order":0,"comment_status":"closed","ping_status":"closed","template":"","meta":{"_seopress_robots_primary_cat":"","_seopress_titles_title":"Panam\u00e1-Servicios de Migraci\u00f3n %%sep%% Oficina Legal","_seopress_titles_desc":"En ImmigrationVisa247, somos una firma de abogados de inmigraci\u00f3n especializada que brinda asistencia legal profesional a personas, familias, jubilados e inversionistas que buscan visas de residencia en Panam\u00e1.","_seopress_robots_index":"","footnotes":""},"class_list":["post-76910","page","type-page","status-publish","hentry","entry"],"_links":{"self":[{"href":"https:\/\/immigrationvisa247.com\/es\/wp-json\/wp\/v2\/pages\/76910","targetHints":{"allow":["GET"]}}],"collection":[{"href":"https:\/\/immigrationvisa247.com\/es\/wp-json\/wp\/v2\/pages"}],"about":[{"href":"https:\/\/immigrationvisa247.com\/es\/wp-json\/wp\/v2\/types\/page"}],"author":[{"embeddable":true,"href":"https:\/\/immigrationvisa247.com\/es\/wp-json\/wp\/v2\/users\/1"}],"replies":[{"embeddable":true,"href":"https:\/\/immigrationvisa247.com\/es\/wp-json\/wp\/v2\/comments?post=76910"}],"version-history":[{"count":0,"href":"https:\/\/immigrationvisa247.com\/es\/wp-json\/wp\/v2\/pages\/76910\/revisions"}],"wp:attachment":[{"href":"https:\/\/immigrationvisa247.com\/es\/wp-json\/wp\/v2\/media?parent=76910"}],"curies":[{"name":"wp","href":"https:\/\/api.w.org\/{rel}","templated":true}]}}