{"id":78354,"date":"2025-11-25T20:01:15","date_gmt":"2025-11-26T01:01:15","guid":{"rendered":"https:\/\/immigrationvisa247.com\/articulos-sobre-inmigracion\/"},"modified":"2026-02-22T10:49:23","modified_gmt":"2026-02-22T15:49:23","slug":"articulos-sobre-inmigracion","status":"publish","type":"page","link":"https:\/\/immigrationvisa247.com\/es\/articulos-sobre-inmigracion\/","title":{"rendered":"Art\u00edculos sobre Migraci\u00f3n"},"content":{"rendered":"","protected":false},"excerpt":{"rendered":"<div class=\"entry-summary\">\n<div class=\"entry-summary\">\nArt\u00edculos de migraci\u00f3n, lea los art\u00edculos de inmigraci\u00f3n y conozca las posibilidades de inmigraci\u00f3n a Panam\u00e1.\n<\/div>\n<div class=\"link-more\"><a href=\"https:\/\/immigrationvisa247.com\/es\/articulos-sobre-inmigracion\/\" class=\"more-link\">Continuar leyendo<span class=\"screen-reader-text\"> &ldquo;Art\u00edculos sobre Migraci\u00f3n&rdquo;<\/span>\u2026<\/a><\/div>\n<\/div>\n<div class=\"link-more\"><a href=\"https:\/\/immigrationvisa247.com\/es\/articulos-sobre-inmigracion\/\" class=\"more-link\">Continuar leyendo<span class=\"screen-reader-text\"> &ldquo;Art\u00edculos sobre Migraci\u00f3n&rdquo;<\/span>\u2026<\/a><\/div>\n","protected":false},"author":1,"featured_media":0,"parent":0,"menu_order":0,"comment_status":"closed","ping_status":"closed","template":"","meta":{"_seopress_robots_primary_cat":"","_seopress_titles_title":"Art\u00edculos sobre Migraci\u00f3n","_seopress_titles_desc":"Art\u00edculos sobre Migraci\u00f3n","_seopress_robots_index":"","footnotes":""},"class_list":["post-78354","page","type-page","status-publish","hentry","entry"],"_links":{"self":[{"href":"https:\/\/immigrationvisa247.com\/es\/wp-json\/wp\/v2\/pages\/78354","targetHints":{"allow":["GET"]}}],"collection":[{"href":"https:\/\/immigrationvisa247.com\/es\/wp-json\/wp\/v2\/pages"}],"about":[{"href":"https:\/\/immigrationvisa247.com\/es\/wp-json\/wp\/v2\/types\/page"}],"author":[{"embeddable":true,"href":"https:\/\/immigrationvisa247.com\/es\/wp-json\/wp\/v2\/users\/1"}],"replies":[{"embeddable":true,"href":"https:\/\/immigrationvisa247.com\/es\/wp-json\/wp\/v2\/comments?post=78354"}],"version-history":[{"count":0,"href":"https:\/\/immigrationvisa247.com\/es\/wp-json\/wp\/v2\/pages\/78354\/revisions"}],"wp:attachment":[{"href":"https:\/\/immigrationvisa247.com\/es\/wp-json\/wp\/v2\/media?parent=78354"}],"curies":[{"name":"wp","href":"https:\/\/api.w.org\/{rel}","templated":true}]}}