{"id":85614,"date":"2026-02-16T16:39:35","date_gmt":"2026-02-16T21:39:35","guid":{"rendered":"https:\/\/immigrationvisa247.com\/visas-de-residencia-en-panama-guia-legal-completa\/"},"modified":"2026-02-21T14:58:52","modified_gmt":"2026-02-21T19:58:52","slug":"visas-de-residencia-en-panama-guia-legal-completa","status":"publish","type":"page","link":"https:\/\/immigrationvisa247.com\/es\/visas-de-residencia-en-panama-guia-legal-completa\/","title":{"rendered":"VISAS DE RESIDENCIA EN PANAM\u00c1 \u2013 GU\u00cdA LEGAL COMPLETA"},"content":{"rendered":"\n\n\n<p><\/p>\n","protected":false},"excerpt":{"rendered":"<div class=\"entry-summary\">\n<div class=\"entry-summary\">\nVISAS DE RESIDENCIA EN PANAM\u00c1 \u2013 GU\u00cdA LEGAL COMPLETA\n<\/div>\n<div class=\"link-more\"><a href=\"https:\/\/immigrationvisa247.com\/es\/visas-de-residencia-en-panama-guia-legal-completa\/\" class=\"more-link\">Continuar leyendo<span class=\"screen-reader-text\"> &ldquo;VISAS DE RESIDENCIA EN PANAM\u00c1 \u2013 GU\u00cdA LEGAL COMPLETA&rdquo;<\/span>\u2026<\/a><\/div>\n<\/div>\n<div class=\"link-more\"><a href=\"https:\/\/immigrationvisa247.com\/es\/visas-de-residencia-en-panama-guia-legal-completa\/\" class=\"more-link\">Continuar leyendo<span class=\"screen-reader-text\"> &ldquo;VISAS DE RESIDENCIA EN PANAM\u00c1 \u2013 GU\u00cdA LEGAL COMPLETA&rdquo;<\/span>\u2026<\/a><\/div>\n","protected":false},"author":1,"featured_media":0,"parent":0,"menu_order":0,"comment_status":"closed","ping_status":"closed","template":"","meta":{"_seopress_robots_primary_cat":"","_seopress_titles_title":"VISAS DE RESIDENCIA EN PANAM\u00c1 \u2013 GU\u00cdA LEGAL COMPLETA","_seopress_titles_desc":"Visas de Residencia en Panam\u00e1: Gu\u00eda Legal Completa para la Residencia en Panam\u00e1 (Actualizaci\u00f3n 2026)","_seopress_robots_index":"","footnotes":""},"class_list":["post-85614","page","type-page","status-publish","hentry","entry"],"_links":{"self":[{"href":"https:\/\/immigrationvisa247.com\/es\/wp-json\/wp\/v2\/pages\/85614","targetHints":{"allow":["GET"]}}],"collection":[{"href":"https:\/\/immigrationvisa247.com\/es\/wp-json\/wp\/v2\/pages"}],"about":[{"href":"https:\/\/immigrationvisa247.com\/es\/wp-json\/wp\/v2\/types\/page"}],"author":[{"embeddable":true,"href":"https:\/\/immigrationvisa247.com\/es\/wp-json\/wp\/v2\/users\/1"}],"replies":[{"embeddable":true,"href":"https:\/\/immigrationvisa247.com\/es\/wp-json\/wp\/v2\/comments?post=85614"}],"version-history":[{"count":0,"href":"https:\/\/immigrationvisa247.com\/es\/wp-json\/wp\/v2\/pages\/85614\/revisions"}],"wp:attachment":[{"href":"https:\/\/immigrationvisa247.com\/es\/wp-json\/wp\/v2\/media?parent=85614"}],"curies":[{"name":"wp","href":"https:\/\/api.w.org\/{rel}","templated":true}]}}